{"id":1132,"date":"2016-07-19T19:04:47","date_gmt":"2016-07-19T19:04:47","guid":{"rendered":"http:\/\/fceune.edu.py\/admin\/?page_id=1132"},"modified":"2025-12-15T22:10:05","modified_gmt":"2025-12-15T22:10:05","slug":"admision","status":"publish","type":"page","link":"https:\/\/www.fceune.edu.py\/v2\/index.php\/admision\/","title":{"rendered":"Admisi\u00f3n"},"content":{"rendered":"<div class=\"wpb-content-wrapper\"><p>[vc_row][vc_column][vc_custom_heading text=&#8221;Sistema de Admisi\u00f3n&#8221; font_container=&#8221;tag:h1|font_size:30|text_align:center|color:%236aa842&#8243; css_animation=&#8221;flipInY&#8221;][vc_column_text css_animation=&#8221;fadeInDown&#8221; css=&#8221;&#8221;]<\/p>\n<p><span style=\"color: #000000;\"><strong>Contacto:<\/strong> <span class=\"d2edcug0 hpfvmrgz qv66sw1b c1et5uql lr9zc1uh a8c37x1j keod5gw0 nxhoafnm aigsh9s9 d3f4x2em fe6kdd0r mau55g9w c8b282yb iv3no6db jq4qci2q a3bd9o3v b1v8xokw oo9gr5id hzawbc8m\" dir=\"auto\"><span class=\"d2edcug0 hpfvmrgz qv66sw1b c1et5uql lr9zc1uh jq4qci2q a3bd9o3v b1v8xokw oo9gr5id\">(021) 328 4122<\/span><\/span>.\u00a0<\/span><\/p>\n<p><span style=\"color: #000000;\"><strong>E-mail:<\/strong> admision@fceune.edu.py<\/span><\/p>\n<p><strong><span style=\"color: #000000;\">Horario de atenci\u00f3n:<\/span><\/strong>\u00a0L<span style=\"color: #000000;\">unes a viernes de 17:00 a 22:00.<\/span><\/p>\n<hr \/>\n<p class=\"titulo_principal\" style=\"text-align: justify;\"><span style=\"color: #000000;\">El\u00a0proceso de Admisi\u00f3n\u00a0consiste en una selecci\u00f3n por medio de un examen por cada asignatura (administrada durante los meses de febrero y marzo), en el cual el postulante deber\u00e1 alcanzar el puntaje requerido que le otorgar\u00e1 el derecho a aspirar a una plaza del cupo disponible para cada carrera.<\/span><\/p>\n<div class=\"texto_contenido\">\n<p><span style=\"color: #000000;\">El proceso de admisi\u00f3n estar\u00e1 a cargo de la Direcci\u00f3n Acad\u00e9mica, quien ser\u00e1 responsable de la organizaci\u00f3n y ejecuci\u00f3n del mismo. La supervisi\u00f3n del proceso de admisi\u00f3n estar\u00e1 a cargo de la Comisi\u00f3n de Admisi\u00f3n.<\/span><\/p>\n<p><span style=\"color: #000000;\"><strong>REQUISITOS PARA LA INSCRIPCI\u00d3N AL PROCESO DE ADMISI\u00d3N DE LA FCE.UNE<\/strong><\/span><\/p>\n<p><span style=\"color: #000000;\">Para tener derecho a acceder a los ex\u00e1menes de admisi\u00f3n, los postulantes deber\u00e1n presentar en la Secretar\u00eda de Admisi\u00f3n, su solicitud de inscripci\u00f3n en la que especificar\u00e1n la carrera de grado a la cual se est\u00e1n postulando. La mencionada solicitud, deber\u00e1 ir acompa\u00f1ada de los documentos requeridos para la inscripci\u00f3n a ex\u00e1menes de admisi\u00f3n.<\/span><\/p>\n<p><span style=\"color: #000000;\"><strong>Documentaciones<\/strong><\/span><\/p>\n<p><span style=\"color: #000000;\">Egresados del Nivel Medio:<\/span><\/p>\n<p><span style=\"color: #000000;\">1- Formulario de Inscripci\u00f3n a ex\u00e1menes.<\/span><\/p>\n<p><span style=\"color: #000000;\">2- Fotocopia del t\u00edtulo acad\u00e9mico del Nivel Medio legalizado por el Rectorado de la Universidad Nacional del Este.<\/span><\/p>\n<p><span style=\"color: #000000;\">3- Original del Certificado de Estudios del Nivel Medio impreso con la firma digital de la Direcci\u00f3n de Certificados Acad\u00e9micos y legalizado por el Rectorado de la Universidad Nacional del Este.<\/span><\/p>\n<p><span style=\"color: #000000;\">4- Original o fotocopia autenticada por Escriban\u00eda P\u00fablica del Certificado de Nacimiento.<\/span><\/p>\n<p><span style=\"color: #000000;\">5- Fotocopia autenticada por Escriban\u00eda P\u00fablica de la c\u00e9dula de identidad.<\/span><\/p>\n<p><span style=\"color: #000000;\">6- La inscripci\u00f3n del postulante ser\u00e1 estrictamente personal e implica el compromiso de aceptar las disposiciones del presente Reglamento y las dem\u00e1s normativas de la Facultad de Ciencias Econ\u00f3micas de la Universidad Nacional del Este.<\/span><\/p>\n<p>7- Los postulantes que sean egresados Universitarios provenientes de otras universidades p\u00fablicas o privadas deber\u00e1n ajustarse a lo establecido en la Resoluci\u00f3n CSU 371\/2020.<\/p>\n<p><strong><span style=\"color: #000000;\">PROCEDIMIENTO PARA EL ACCESO AL ARANCEL 0<\/span><\/strong><\/p>\n<p><span style=\"color: #000000;\">Link: <a href=\"https:\/\/drive.google.com\/file\/d\/1Uj6KfAmcscY7RKra5vcFEb7EdaYN0-GV\/view\">Procedimiento para el acceso al beneficio de la gratuidad<\/a><\/span><\/p>\n<p><strong>PROGRAMAS DE ESTUDIO\u00a0<\/strong><\/p>\n<ul>\n<li><a href=\"https:\/\/drive.google.com\/file\/d\/1hQgEM0tyD1AJP6owWc8_9lNeZtgwpPAz\/view?usp=sharing\">Castellano<\/a><\/li>\n<li><a href=\"https:\/\/drive.google.com\/file\/d\/1szUzn7W75oqTqXoLJtUZ4qx_IrD16EWG\/view?usp=sharing\">Administraci\u00f3n<\/a><\/li>\n<li><a href=\"https:\/\/drive.google.com\/file\/d\/18V01UFjJpoZTlvQ4M23-32DcfwkIRQEZ\/view?usp=sharing\">Contabilidad<\/a><\/li>\n<li><a href=\"https:\/\/drive.google.com\/file\/d\/1fb5rDrLPETSUVgiFFPCJC1q9IgpXb318\/view?usp=sharing\">Econom\u00eda<\/a><\/li>\n<li><a href=\"https:\/\/drive.google.com\/file\/d\/1UJun-y4dSrpojC4ao6s4MK7GTc8UnCJl\/view?usp=sharing\">Matem\u00e1tica<\/a><\/li>\n<\/ul>\n<p><strong><span style=\"color: #000000;\">ARANCELES PARA LOS EX\u00c1MENES DE ADMISI\u00d3N (SEDE CENTRAL Y FILIALES)<\/span><\/strong><\/p>\n<table style=\"border-collapse: collapse; width: 61.8592%; height: 120px;\" border=\"1\">\n<tbody>\n<tr style=\"height: 24px;\">\n<td style=\"width: 50%; text-align: center; height: 24px;\"><span style=\"color: #000000;\"><strong>DENOMINACI\u00d3N<\/strong><\/span><\/td>\n<td style=\"width: 50%; text-align: center; height: 24px;\"><span style=\"color: #000000;\"><strong>MONTO EN GUARAN\u00cdES<\/strong><\/span><\/td>\n<\/tr>\n<tr style=\"height: 24px;\">\n<td style=\"width: 50%; height: 24px;\">Derecho de examen por asignatura<\/td>\n<td style=\"width: 50%; height: 24px; text-align: center;\"><span style=\"color: #000000;\">220.000Gs.<\/span><\/td>\n<\/tr>\n<tr style=\"height: 24px;\">\n<td style=\"width: 50%; height: 24px;\"><span style=\"color: #000000;\">Revisi\u00f3n de examen por asignatura<\/span><\/td>\n<td style=\"width: 50%; height: 24px; text-align: center;\"><span style=\"color: #000000;\">50.000 Gs.<\/span><\/td>\n<\/tr>\n<\/tbody>\n<\/table>\n<p>&nbsp;<\/p>\n<table style=\"border-collapse: collapse; width: 61.566%; height: 616px;\" border=\"1\">\n<tbody>\n<tr style=\"height: 24px;\">\n<td style=\"width: 97.3707%; text-align: center; height: 24px;\" colspan=\"2\"><strong>CALENDARIO ACAD\u00c9MICO DEL PROCESO DE ADMISI\u00d3N 2026<\/strong><\/td>\n<\/tr>\n<tr style=\"height: 24px;\">\n<td style=\"width: 50%; height: 24px; text-align: center;\"><strong>ACTIVIDADES<\/strong><\/td>\n<td style=\"width: 47.3707%; height: 24px; text-align: center;\"><strong>FECHAS \/ PERIODOS<\/strong><\/td>\n<\/tr>\n<tr style=\"height: 24px;\">\n<td style=\"width: 50%; height: 24px;\">Inicio de actividades: organizaci\u00f3n y planificaci\u00f3n &#8211; Proceso de Admisi\u00f3n 2026<\/td>\n<td style=\"width: 47.3707%; height: 24px;\">Del 22\/8\/2025 al 29\/8\/2025<\/td>\n<\/tr>\n<tr style=\"height: 98px;\">\n<td style=\"height: 10px; width: 50%;\" width=\"406\">Promoci\u00f3n en Sede Central y Filiales<\/td>\n<td style=\"width: 47.3707%; height: 10px;\">De agosto a septiembre del 2025<\/td>\n<\/tr>\n<tr style=\"height: 144px;\">\n<td style=\"width: 50%; height: 144px;\">Solicitud de acceso al beneficio a la gratuidad &#8211; Presentaci\u00f3n de documentos (Ley N\u00ba 6628\/20 &#8211; Decreto Reglamentario N\u00ba 4734\/21 &#8211; Resoluci\u00f3n CSU N\u00ba 005\/21 &#8211; Gratuidad en los cursos de Admisi\u00f3n y de grado)<\/td>\n<td style=\"width: 47.3707%; height: 144px;\">Desde el lunes 1\/12\/2025 hasta el 26\/12\/2025<\/td>\n<\/tr>\n<tr style=\"height: 56px;\">\n<td style=\"width: 50%; height: 38px;\">Inscripciones<\/td>\n<td style=\"width: 47.3707%; height: 38px;\">Desde el 1\/12\/2025 hasta el 4\/02\/2026<\/td>\n<\/tr>\n<tr style=\"height: 80px;\">\n<td style=\"width: 50%; height: 51px;\">Presentaci\u00f3n de documentos obligatorios<\/td>\n<td style=\"width: 47.3707%; height: 51px;\">Desde el lunes 1\/12\/2025 hasta el 4\/2\/2026<\/td>\n<\/tr>\n<tr style=\"height: 80px;\">\n<td style=\"width: 50%; height: 14px;\">Emisi\u00f3n de lista de habilitados para examen de Admisi\u00f3n<\/td>\n<td style=\"width: 47.3707%; height: 14px;\">\u00a06\/02\/2026<\/td>\n<\/tr>\n<tr style=\"height: 80px;\">\n<td style=\"width: 50%; height: 46px;\">Periodo de examen de Admisi\u00f3n<\/td>\n<td style=\"width: 47.3707%; height: 46px;\">Desde el lunes 9\/02\/2026 al\u00a0 27\/02\/2026<\/td>\n<\/tr>\n<tr style=\"height: 80px;\">\n<td style=\"width: 50%; height: 55px;\">Solicitud de revisi\u00f3n de examen de Admisi\u00f3n<\/td>\n<td style=\"width: 47.3707%; height: 55px;\">24 horas posteriores a la publicaci\u00f3n del resultado de cada examen<\/td>\n<\/tr>\n<tr style=\"height: 104px;\">\n<td style=\"width: 50%; height: 47px;\">Revisi\u00f3n de examen de Admisi\u00f3n<\/td>\n<td style=\"width: 47.3707%; height: 47px;\">Desde el viernes 13\/02\/2026 al 4\/03\/2026<\/td>\n<\/tr>\n<tr style=\"height: 56px;\">\n<td style=\"width: 97.3707%; height: 10px;\" colspan=\"2\">\n<p style=\"text-align: center;\"><strong>HORARIO DE EX\u00c1MENES<\/strong><\/p>\n<\/td>\n<\/tr>\n<tr style=\"height: 47px;\">\n<td style=\"width: 50%; height: 24px;\"><strong>Econom\u00eda<\/strong><\/td>\n<td style=\"width: 47.3707%; text-align: center; height: 24px;\">Lunes 9\/02\/2026<\/td>\n<\/tr>\n<tr style=\"height: 56px;\">\n<td style=\"width: 50%; height: 27px;\"><strong>Matem\u00e1tica<\/strong><\/td>\n<td style=\"width: 47.3707%; text-align: center; height: 27px;\">Viernes 13\/02\/2026<\/td>\n<\/tr>\n<tr style=\"height: 56px;\">\n<td style=\"width: 50%; height: 28px;\"><strong>Contabilidad<\/strong><\/td>\n<td style=\"width: 47.3707%; text-align: center; height: 28px;\">Mi\u00e9rcoles 18\/02\/2026<\/td>\n<\/tr>\n<tr style=\"height: 56px;\">\n<td style=\"width: 50%; height: 26px;\"><strong>Administraci\u00f3n<\/strong><\/td>\n<td style=\"width: 47.3707%; text-align: center; height: 26px;\">Lunes 23\/02\/2026<\/td>\n<\/tr>\n<tr style=\"height: 56px;\">\n<td style=\"width: 50%; height: 24px;\"><strong>Castellano<\/strong><\/td>\n<td style=\"width: 47.3707%; height: 24px; text-align: center;\" width=\"302\">Viernes 27\/02\/2026<\/td>\n<\/tr>\n<\/tbody>\n<\/table>\n<\/div>\n<p>[\/vc_column_text][vc_empty_space height=&#8221;20px&#8221;][\/vc_column][\/vc_row]<\/p>\n<\/div>","protected":false},"excerpt":{"rendered":"<p>[vc_row][vc_column][vc_custom_heading text=&#8221;Sistema de Admisi\u00f3n&#8221; font_container=&#8221;tag:h1|font_size:30|text_align:center|color:%236aa842&#8243; css_animation=&#8221;flipInY&#8221;][vc_column_text css_animation=&#8221;fadeInDown&#8221; css=&#8221;&#8221;] Contacto: (021) 328 4122.\u00a0 E-mail: admision@fceune.edu.py Horario de atenci\u00f3n:\u00a0Lunes a viernes de 17:00 a 22:00. El\u00a0proceso de Admisi\u00f3n\u00a0consiste en una selecci\u00f3n por medio de un examen por cada asignatura (administrada durante los meses de febrero y marzo), en el cual el postulante deber\u00e1 alcanzar el puntaje requerido [&hellip;]<\/p>\n","protected":false},"author":1,"featured_media":0,"parent":0,"menu_order":0,"comment_status":"closed","ping_status":"closed","template":"","meta":{"jetpack_post_was_ever_published":false,"footnotes":""},"class_list":["post-1132","page","type-page","status-publish","hentry"],"jetpack_sharing_enabled":true,"jetpack_shortlink":"https:\/\/wp.me\/P9WOX6-ig","jetpack-related-posts":[],"_links":{"self":[{"href":"https:\/\/www.fceune.edu.py\/v2\/index.php\/wp-json\/wp\/v2\/pages\/1132","targetHints":{"allow":["GET"]}}],"collection":[{"href":"https:\/\/www.fceune.edu.py\/v2\/index.php\/wp-json\/wp\/v2\/pages"}],"about":[{"href":"https:\/\/www.fceune.edu.py\/v2\/index.php\/wp-json\/wp\/v2\/types\/page"}],"author":[{"embeddable":true,"href":"https:\/\/www.fceune.edu.py\/v2\/index.php\/wp-json\/wp\/v2\/users\/1"}],"replies":[{"embeddable":true,"href":"https:\/\/www.fceune.edu.py\/v2\/index.php\/wp-json\/wp\/v2\/comments?post=1132"}],"version-history":[{"count":88,"href":"https:\/\/www.fceune.edu.py\/v2\/index.php\/wp-json\/wp\/v2\/pages\/1132\/revisions"}],"predecessor-version":[{"id":18985,"href":"https:\/\/www.fceune.edu.py\/v2\/index.php\/wp-json\/wp\/v2\/pages\/1132\/revisions\/18985"}],"wp:attachment":[{"href":"https:\/\/www.fceune.edu.py\/v2\/index.php\/wp-json\/wp\/v2\/media?parent=1132"}],"curies":[{"name":"wp","href":"https:\/\/api.w.org\/{rel}","templated":true}]}}