{"id":1167,"date":"2016-07-20T14:40:48","date_gmt":"2016-07-20T14:40:48","guid":{"rendered":"http:\/\/fceune.edu.py\/admin\/?page_id=1167"},"modified":"2025-08-20T15:07:48","modified_gmt":"2025-08-20T15:07:48","slug":"mision-y-vision","status":"publish","type":"page","link":"https:\/\/www.fceune.edu.py\/v2\/index.php\/mision-y-vision\/","title":{"rendered":"Misi\u00f3n y Visi\u00f3n"},"content":{"rendered":"<div class=\"wpb-content-wrapper\"><p>[vc_row][vc_column][vc_custom_heading text=&#8221;Misi\u00f3n &#8211; Tembipota&#8221; font_container=&#8221;tag:h1|font_size:40|text_align:center|color:%236aa842&#8243; css_animation=&#8221;bounceInLeft&#8221;][vc_column_text css_animation=&#8221;bounceInUp&#8221;]<\/p>\n<p>&nbsp;<\/p>\n<h3 style=\"text-align: justify;\"><em><span style=\"color: #000000;\">Instituci\u00f3n formadora de profesionales l\u00edderes en Ciencias Econ\u00f3micas y Sociales, comprometidos l\u00edderes con el desarrollo socioecon\u00f3mico y sustentable, basados en competencias humanas, conocimientos acad\u00e9micos, investigaci\u00f3n, extensi\u00f3n e innovaci\u00f3n.<\/span><\/em><\/h3>\n<p>[\/vc_column_text][vc_custom_heading text=&#8221;Visi\u00f3n &#8211; Tembihecha&#8221; font_container=&#8221;tag:h1|font_size:40|text_align:center|color:%236aa842&#8243; css_animation=&#8221;bounceInLeft&#8221;][vc_column_text css_animation=&#8221;bounceInUp&#8221; css=&#8221;&#8221;]<\/p>\n<h3 style=\"text-align: justify;\"><em><span style=\"color: #000000;\">Facultad de Ciencias Econ\u00f3micas de la Universidad Nacional del Este, reconocida nacional e internacionalmente por la calidad educativa, la investigaci\u00f3n, la extensi\u00f3n y la innovaci\u00f3n con responsabilidad social.<\/span><\/em><\/h3>\n<p>[\/vc_column_text][vc_custom_heading text=&#8221;Valores de la Facultad&#8221; font_container=&#8221;tag:h1|font_size:40|text_align:center|color:%236aa842&#8243; css_animation=&#8221;bounceInLeft&#8221;][vc_column_text css_animation=&#8221;fadeInLeft&#8221;]<\/p>\n<ul>\n<li><strong>Compromiso<\/strong><\/li>\n<li><strong>Equidad<\/strong><\/li>\n<li><strong>Honradez<\/strong><\/li>\n<li><strong>Libertad<\/strong><\/li>\n<li><strong>Pertenencia<\/strong><\/li>\n<li><strong>Reconocimiento<\/strong><\/li>\n<li><strong>Respeto<\/strong><\/li>\n<li><strong>Servicio<\/strong><\/li>\n<li><strong>Tolerancia<\/strong><\/li>\n<li><strong>Transparencia<\/strong><\/li>\n<li><strong>Veracidad<\/strong><\/li>\n<li><strong>Responsabilidad<\/strong><\/li>\n<li><strong>Igualdad y la no discriminaci\u00f3n<\/strong><\/li>\n<li><strong>Autonom\u00eda<\/strong><\/li>\n<li><strong>Moralidad<\/strong><\/li>\n<li><strong>Imparcialidad<\/strong><\/li>\n<li><strong>Excelencia<\/strong><\/li>\n<\/ul>\n<p>[\/vc_column_text][\/vc_column][\/vc_row]<\/p>\n<\/div>","protected":false},"excerpt":{"rendered":"<p>[vc_row][vc_column][vc_custom_heading text=&#8221;Misi\u00f3n &#8211; Tembipota&#8221; font_container=&#8221;tag:h1|font_size:40|text_align:center|color:%236aa842&#8243; css_animation=&#8221;bounceInLeft&#8221;][vc_column_text css_animation=&#8221;bounceInUp&#8221;] &nbsp; Instituci\u00f3n formadora de profesionales l\u00edderes en Ciencias Econ\u00f3micas y Sociales, comprometidos l\u00edderes con el desarrollo socioecon\u00f3mico y sustentable, basados en competencias humanas, conocimientos acad\u00e9micos, investigaci\u00f3n, extensi\u00f3n e innovaci\u00f3n. [\/vc_column_text][vc_custom_heading text=&#8221;Visi\u00f3n &#8211; Tembihecha&#8221; font_container=&#8221;tag:h1|font_size:40|text_align:center|color:%236aa842&#8243; css_animation=&#8221;bounceInLeft&#8221;][vc_column_text css_animation=&#8221;bounceInUp&#8221; css=&#8221;&#8221;] Facultad de Ciencias Econ\u00f3micas de la Universidad Nacional del Este, reconocida [&hellip;]<\/p>\n","protected":false},"author":1,"featured_media":0,"parent":0,"menu_order":0,"comment_status":"closed","ping_status":"closed","template":"","meta":{"jetpack_post_was_ever_published":false,"footnotes":""},"class_list":["post-1167","page","type-page","status-publish","hentry"],"jetpack_sharing_enabled":true,"jetpack_shortlink":"https:\/\/wp.me\/P9WOX6-iP","jetpack-related-posts":[],"_links":{"self":[{"href":"https:\/\/www.fceune.edu.py\/v2\/index.php\/wp-json\/wp\/v2\/pages\/1167","targetHints":{"allow":["GET"]}}],"collection":[{"href":"https:\/\/www.fceune.edu.py\/v2\/index.php\/wp-json\/wp\/v2\/pages"}],"about":[{"href":"https:\/\/www.fceune.edu.py\/v2\/index.php\/wp-json\/wp\/v2\/types\/page"}],"author":[{"embeddable":true,"href":"https:\/\/www.fceune.edu.py\/v2\/index.php\/wp-json\/wp\/v2\/users\/1"}],"replies":[{"embeddable":true,"href":"https:\/\/www.fceune.edu.py\/v2\/index.php\/wp-json\/wp\/v2\/comments?post=1167"}],"version-history":[{"count":25,"href":"https:\/\/www.fceune.edu.py\/v2\/index.php\/wp-json\/wp\/v2\/pages\/1167\/revisions"}],"predecessor-version":[{"id":18483,"href":"https:\/\/www.fceune.edu.py\/v2\/index.php\/wp-json\/wp\/v2\/pages\/1167\/revisions\/18483"}],"wp:attachment":[{"href":"https:\/\/www.fceune.edu.py\/v2\/index.php\/wp-json\/wp\/v2\/media?parent=1167"}],"curies":[{"name":"wp","href":"https:\/\/api.w.org\/{rel}","templated":true}]}}