{"id":15023,"date":"2022-12-02T14:16:28","date_gmt":"2022-12-02T14:16:28","guid":{"rendered":"https:\/\/www.fceune.edu.py\/v2\/?page_id=15023"},"modified":"2022-12-02T16:02:48","modified_gmt":"2022-12-02T16:02:48","slug":"buzon-de-qsf","status":"publish","type":"page","link":"https:\/\/www.fceune.edu.py\/v2\/index.php\/buzon-de-qsf\/","title":{"rendered":"Buz\u00f3n de QSF"},"content":{"rendered":"\n<p style=\"text-align: center;\">Con el \u00e1nimo de mejorar los servicios, la Facultad de Ciencias Econ\u00f3micas de la Universidad Nacional del Este (FCE.UNE), establece v\u00edas de comunicaci\u00f3n eficaces que conecten los servicios prestados por la Facultad con las personas usuarias de la misma, as\u00ed como con los distintos grupos de inter\u00e9s de la instituci\u00f3n.<\/p>\n<p style=\"text-align: center;\">Ingrese <a href=\"https:\/\/forms.gle\/VisrzaoxST5JinHT8\"><strong>AQU\u00cd<\/strong> <\/a>para dejarnos su QSF<\/p>\n<p style=\"text-align: center;\">\u00a1Muchas gracias!<\/p>\n\n\n","protected":false},"excerpt":{"rendered":"<p>Con el \u00e1nimo de mejorar los servicios, la Facultad de Ciencias Econ\u00f3micas de la Universidad Nacional del Este (FCE.UNE), establece v\u00edas de comunicaci\u00f3n eficaces que conecten los servicios prestados por la Facultad con las personas usuarias de la misma, as\u00ed como con los distintos grupos de inter\u00e9s de la instituci\u00f3n. Ingrese AQU\u00cd para dejarnos su [&hellip;]<\/p>\n","protected":false},"author":3,"featured_media":0,"parent":0,"menu_order":0,"comment_status":"closed","ping_status":"closed","template":"","meta":{"jetpack_post_was_ever_published":false,"footnotes":""},"class_list":["post-15023","page","type-page","status-publish","hentry"],"jetpack_sharing_enabled":true,"jetpack_shortlink":"https:\/\/wp.me\/P9WOX6-3Uj","jetpack-related-posts":[],"_links":{"self":[{"href":"https:\/\/www.fceune.edu.py\/v2\/index.php\/wp-json\/wp\/v2\/pages\/15023","targetHints":{"allow":["GET"]}}],"collection":[{"href":"https:\/\/www.fceune.edu.py\/v2\/index.php\/wp-json\/wp\/v2\/pages"}],"about":[{"href":"https:\/\/www.fceune.edu.py\/v2\/index.php\/wp-json\/wp\/v2\/types\/page"}],"author":[{"embeddable":true,"href":"https:\/\/www.fceune.edu.py\/v2\/index.php\/wp-json\/wp\/v2\/users\/3"}],"replies":[{"embeddable":true,"href":"https:\/\/www.fceune.edu.py\/v2\/index.php\/wp-json\/wp\/v2\/comments?post=15023"}],"version-history":[{"count":3,"href":"https:\/\/www.fceune.edu.py\/v2\/index.php\/wp-json\/wp\/v2\/pages\/15023\/revisions"}],"predecessor-version":[{"id":15032,"href":"https:\/\/www.fceune.edu.py\/v2\/index.php\/wp-json\/wp\/v2\/pages\/15023\/revisions\/15032"}],"wp:attachment":[{"href":"https:\/\/www.fceune.edu.py\/v2\/index.php\/wp-json\/wp\/v2\/media?parent=15023"}],"curies":[{"name":"wp","href":"https:\/\/api.w.org\/{rel}","templated":true}]}}